{"id":24002,"date":"2021-12-10T15:15:06","date_gmt":"2021-12-10T14:15:06","guid":{"rendered":"https:\/\/redfox.photos\/?page_id=24002"},"modified":"2023-01-02T15:14:50","modified_gmt":"2023-01-02T14:14:50","slug":"csomag-valaszto-form-portre","status":"publish","type":"page","link":"https:\/\/redfox.photos\/en\/csomag-valaszto-form-portre\/","title":{"rendered":"Csomag valaszto form portre"},"content":{"rendered":"\t\t<div data-elementor-type=\"page\" data-elementor-id=\"24002\" class=\"elementor elementor-24002\">\n\t\t\t\t\t\t<section class=\"elementor-section elementor-top-section elementor-element elementor-element-17b39ed elementor-section-stretched elementor-section-full_width elementor-section-height-default elementor-section-height-default\" data-id=\"17b39ed\" data-element_type=\"section\" data-e-type=\"section\" data-settings=\"{&quot;stretch_section&quot;:&quot;section-stretched&quot;,&quot;background_background&quot;:&quot;classic&quot;}\">\n\t\t\t\t\t\t\t<div class=\"elementor-background-overlay\"><\/div>\n\t\t\t\t\t\t\t<div class=\"elementor-container elementor-column-gap-default\">\n\t\t\t\t\t<div class=\"elementor-column elementor-col-100 elementor-top-column elementor-element elementor-element-34795707\" data-id=\"34795707\" data-element_type=\"column\" data-e-type=\"column\" data-settings=\"{&quot;background_slideshow_gallery&quot;:[{&quot;id&quot;:540,&quot;url&quot;:&quot;https:\\\/\\\/redfox.photos\\\/wp-content\\\/uploads\\\/2020\\\/08\\\/20200726-DSC02022.jpg&quot;},{&quot;id&quot;:24297,&quot;url&quot;:&quot;https:\\\/\\\/redfox.photos\\\/wp-content\\\/uploads\\\/2022\\\/06\\\/TSZ04640-scaled.jpg&quot;},{&quot;id&quot;:528,&quot;url&quot;:&quot;https:\\\/\\\/redfox.photos\\\/wp-content\\\/uploads\\\/2020\\\/08\\\/20200217-DJI_0868.jpg&quot;}],&quot;background_background&quot;:&quot;slideshow&quot;,&quot;background_slideshow_slide_duration&quot;:10000,&quot;background_slideshow_slide_transition&quot;:&quot;slide_right&quot;,&quot;background_slideshow_lazyload&quot;:&quot;yes&quot;,&quot;background_slideshow_ken_burns&quot;:&quot;yes&quot;,&quot;background_slideshow_loop&quot;:&quot;yes&quot;,&quot;background_slideshow_transition_duration&quot;:500,&quot;background_slideshow_ken_burns_zoom_direction&quot;:&quot;in&quot;}\">\n\t\t\t<div class=\"elementor-widget-wrap elementor-element-populated\">\n\t\t\t\t\t\t<section class=\"elementor-section elementor-inner-section elementor-element elementor-element-743169ea elementor-section-boxed elementor-section-height-default elementor-section-height-default\" data-id=\"743169ea\" data-element_type=\"section\" data-e-type=\"section\">\n\t\t\t\t\t\t<div class=\"elementor-container elementor-column-gap-no\">\n\t\t\t\t\t<div class=\"elementor-column elementor-col-100 elementor-inner-column elementor-element elementor-element-521ab2d8\" data-id=\"521ab2d8\" data-element_type=\"column\" data-e-type=\"column\">\n\t\t\t<div class=\"elementor-widget-wrap elementor-element-populated\">\n\t\t\t\t\t\t<div class=\"elementor-element elementor-element-64880f46 elementor-widget elementor-widget-aheto_heading\" data-id=\"64880f46\" data-element_type=\"widget\" data-e-type=\"widget\" data-widget_type=\"aheto_heading.default\">\n\t\t\t\t<div class=\"elementor-widget-container\">\n\t\t\t\t\t\r\n<div class=\"aheto-heading aheto-heading--main  align-tablet-default align-mob-default aheto_heading_69ecdefd38340 \">\r\n\r\n\t\r\n\t<h1 class=\"aheto-heading__title \">Portr\u00e9 Fot\u00f3z\u00e1s Megrendel\u00e9s<\/h1>\r\n<\/div>\r\n\t\t\t\t<\/div>\n\t\t\t\t<\/div>\n\t\t\t\t\t<\/div>\n\t\t<\/div>\n\t\t\t\t\t<\/div>\n\t\t<\/section>\n\t\t\t\t\t<\/div>\n\t\t<\/div>\n\t\t\t\t\t<\/div>\n\t\t<\/section>\n\t\t\t\t<section class=\"elementor-section elementor-top-section elementor-element elementor-element-67728cb1 elementor-section-stretched elementor-section-boxed elementor-section-height-default elementor-section-height-default\" data-id=\"67728cb1\" data-element_type=\"section\" data-e-type=\"section\" data-settings=\"{&quot;stretch_section&quot;:&quot;section-stretched&quot;}\">\n\t\t\t\t\t\t<div class=\"elementor-container elementor-column-gap-no\">\n\t\t\t\t\t<div class=\"elementor-column elementor-col-50 elementor-top-column elementor-element elementor-element-2ec8416\" data-id=\"2ec8416\" data-element_type=\"column\" data-e-type=\"column\">\n\t\t\t<div class=\"elementor-widget-wrap elementor-element-populated\">\n\t\t\t\t\t\t<section class=\"elementor-section elementor-inner-section elementor-element elementor-element-9a4870a elementor-section-boxed elementor-section-height-default elementor-section-height-default\" data-id=\"9a4870a\" data-element_type=\"section\" data-e-type=\"section\">\n\t\t\t\t\t\t<div class=\"elementor-container elementor-column-gap-no\">\n\t\t\t\t\t<div class=\"elementor-column elementor-col-100 elementor-inner-column elementor-element elementor-element-5570989d\" data-id=\"5570989d\" data-element_type=\"column\" data-e-type=\"column\">\n\t\t\t<div class=\"elementor-widget-wrap elementor-element-populated\">\n\t\t\t\t\t\t<div class=\"elementor-element elementor-element-748d554d elementor-widget elementor-widget-aheto_heading\" data-id=\"748d554d\" data-element_type=\"widget\" data-e-type=\"widget\" data-widget_type=\"aheto_heading.default\">\n\t\t\t\t<div class=\"elementor-widget-container\">\n\t\t\t\t\t\r\n<div class=\"aheto-heading aheto-heading--main t-left align-tablet-default align-mob-default aheto_heading_69ecdefd3a170 \">\r\n\r\n\t\r\n\t<p class=\"aheto-heading__title \">TELEPHONE<\/p>\r\n<\/div>\r\n\t\t\t\t<\/div>\n\t\t\t\t<\/div>\n\t\t\t\t<div class=\"elementor-element elementor-element-2292f2f6 elementor-widget elementor-widget-aheto_heading\" data-id=\"2292f2f6\" data-element_type=\"widget\" data-e-type=\"widget\" data-widget_type=\"aheto_heading.default\">\n\t\t\t\t<div class=\"elementor-widget-container\">\n\t\t\t\t\t\n<div class=\"aheto-heading--soapy-description aheto_heading_69ecdefd3bf1a \">\n\t<div class=\"aheto-heading__desc  \"><h4 style=\"text-align: center\"><a class=\"aheto-contact__link aheto-contact__info\" href=\"tel:(36)309046302\">(36) 30 904 6302<\/a><\/h4><\/div><\/div>\n\t\t\t\t<\/div>\n\t\t\t\t<\/div>\n\t\t\t\t\t<\/div>\n\t\t<\/div>\n\t\t\t\t\t<\/div>\n\t\t<\/section>\n\t\t\t\t<section class=\"elementor-section elementor-inner-section elementor-element elementor-element-723c8fa6 elementor-section-boxed elementor-section-height-default elementor-section-height-default\" data-id=\"723c8fa6\" data-element_type=\"section\" data-e-type=\"section\">\n\t\t\t\t\t\t<div class=\"elementor-container elementor-column-gap-no\">\n\t\t\t\t\t<div class=\"elementor-column elementor-col-100 elementor-inner-column elementor-element elementor-element-1fefa2e4\" data-id=\"1fefa2e4\" data-element_type=\"column\" data-e-type=\"column\">\n\t\t\t<div class=\"elementor-widget-wrap elementor-element-populated\">\n\t\t\t\t\t\t<div class=\"elementor-element elementor-element-5652f943 elementor-widget elementor-widget-aheto_heading\" data-id=\"5652f943\" data-element_type=\"widget\" data-e-type=\"widget\" data-widget_type=\"aheto_heading.default\">\n\t\t\t\t<div class=\"elementor-widget-container\">\n\t\t\t\t\t\r\n<div class=\"aheto-heading aheto-heading--main t-left align-tablet-default align-mob-default aheto_heading_69ecdefd3e665 \">\r\n\r\n\t\r\n\t<p class=\"aheto-heading__title \">EMAIL<\/p>\r\n<\/div>\r\n\t\t\t\t<\/div>\n\t\t\t\t<\/div>\n\t\t\t\t<div class=\"elementor-element elementor-element-4c7ec5c1 elementor-widget elementor-widget-aheto_heading\" data-id=\"4c7ec5c1\" data-element_type=\"widget\" data-e-type=\"widget\" data-widget_type=\"aheto_heading.default\">\n\t\t\t\t<div class=\"elementor-widget-container\">\n\t\t\t\t\t\n<div class=\"aheto-heading--soapy-description aheto_heading_69ecdefd4097d \">\n\t<div class=\"aheto-heading__desc  \"><h4 style=\"text-align: center\"><a class=\"aheto-contact__link aheto-contact__info\" href=\"mailto:szia@tothszabolcs.hu\">szia@tothszabolcs.hu<\/a><\/h4><\/div><\/div>\n\t\t\t\t<\/div>\n\t\t\t\t<\/div>\n\t\t\t\t\t<\/div>\n\t\t<\/div>\n\t\t\t\t\t<\/div>\n\t\t<\/section>\n\t\t\t\t<section class=\"elementor-section elementor-inner-section elementor-element elementor-element-405724ee elementor-section-boxed elementor-section-height-default elementor-section-height-default\" data-id=\"405724ee\" data-element_type=\"section\" data-e-type=\"section\">\n\t\t\t\t\t\t<div class=\"elementor-container elementor-column-gap-no\">\n\t\t\t\t\t<div class=\"elementor-column elementor-col-100 elementor-inner-column elementor-element elementor-element-3ba82da1\" data-id=\"3ba82da1\" data-element_type=\"column\" data-e-type=\"column\">\n\t\t\t<div class=\"elementor-widget-wrap elementor-element-populated\">\n\t\t\t\t\t\t<div class=\"elementor-element elementor-element-176f3bc5 elementor-widget elementor-widget-aheto_heading\" data-id=\"176f3bc5\" data-element_type=\"widget\" data-e-type=\"widget\" data-widget_type=\"aheto_heading.default\">\n\t\t\t\t<div class=\"elementor-widget-container\">\n\t\t\t\t\t\r\n<div class=\"aheto-heading aheto-heading--main t-left align-tablet-default align-mob-default aheto_heading_69ecdefd42c58 \">\r\n\r\n\t\r\n\t<p class=\"aheto-heading__title \">SOCIAL<\/p>\r\n<\/div>\r\n\t\t\t\t<\/div>\n\t\t\t\t<\/div>\n\t\t\t\t<div class=\"elementor-element elementor-element-abc8314 elementor-widget elementor-widget-aheto_heading\" data-id=\"abc8314\" data-element_type=\"widget\" data-e-type=\"widget\" data-widget_type=\"aheto_heading.default\">\n\t\t\t\t<div class=\"elementor-widget-container\">\n\t\t\t\t\t\n<div class=\"aheto-heading--soapy-description aheto_heading_69ecdefd44c77 \">\n\t<div class=\"aheto-heading__desc  \"><h4 style=\"text-align: center\"><a href=\"https:\/\/www.instagram.com\/szabolcs.taking.pictures\/\">Instagram<\/a><\/h4><\/div><\/div>\n\t\t\t\t<\/div>\n\t\t\t\t<\/div>\n\t\t\t\t\t<\/div>\n\t\t<\/div>\n\t\t\t\t\t<\/div>\n\t\t<\/section>\n\t\t\t\t\t<\/div>\n\t\t<\/div>\n\t\t\t\t<div class=\"elementor-column elementor-col-50 elementor-top-column elementor-element elementor-element-40eefa16\" data-id=\"40eefa16\" data-element_type=\"column\" data-e-type=\"column\">\n\t\t\t<div class=\"elementor-widget-wrap elementor-element-populated\">\n\t\t\t\t\t\t<section class=\"elementor-section elementor-inner-section elementor-element elementor-element-3688ca46 elementor-section-boxed elementor-section-height-default elementor-section-height-default elementor-invisible\" data-id=\"3688ca46\" data-element_type=\"section\" data-e-type=\"section\" data-settings=\"{&quot;animation&quot;:&quot;fadeIn&quot;}\">\n\t\t\t\t\t\t<div class=\"elementor-container elementor-column-gap-no\">\n\t\t\t\t\t<div class=\"elementor-column elementor-col-100 elementor-inner-column elementor-element elementor-element-2ea120db\" data-id=\"2ea120db\" data-element_type=\"column\" data-e-type=\"column\">\n\t\t\t<div class=\"elementor-widget-wrap elementor-element-populated\">\n\t\t\t\t\t\t<div class=\"elementor-element elementor-element-5879a658 elementor-widget__width-initial elementor-widget elementor-widget-aheto_contact-forms\" data-id=\"5879a658\" data-element_type=\"widget\" data-e-type=\"widget\" data-widget_type=\"aheto_contact-forms.default\">\n\t\t\t\t<div class=\"elementor-widget-container\">\n\t\t\t\t\t\n\n<div class=\"widget_aheto__cf--mooseoom__classic aheto_contact-forms_69ecdefd477ae \">\n\n\n\t<div class=\"widget_aheto__form\">\n\n\t\t            <div class=\"aheto-form-btn aheto-btn--primary    aheto-btn--full-width\">\n\t\t\t\t\n<div class=\"wpcf7 no-js\" id=\"wpcf7-f23952-o1\" lang=\"en-GB\" dir=\"ltr\" data-wpcf7-id=\"23952\">\n<div class=\"screen-reader-response\"><p role=\"status\" aria-live=\"polite\" aria-atomic=\"true\"><\/p> <ul><\/ul><\/div>\n<form action=\"\/en\/wp-json\/wp\/v2\/pages\/24002#wpcf7-f23952-o1\" method=\"post\" class=\"wpcf7-form init\" aria-label=\"Contact form\" novalidate=\"novalidate\" data-status=\"init\">\n<fieldset class=\"hidden-fields-container\"><input type=\"hidden\" name=\"_wpcf7\" value=\"23952\" \/><input type=\"hidden\" name=\"_wpcf7_version\" value=\"6.1.5\" \/><input type=\"hidden\" name=\"_wpcf7_locale\" value=\"en_GB\" \/><input type=\"hidden\" name=\"_wpcf7_unit_tag\" value=\"wpcf7-f23952-o1\" \/><input type=\"hidden\" name=\"_wpcf7_container_post\" value=\"0\" \/><input type=\"hidden\" name=\"_wpcf7_posted_data_hash\" value=\"\" \/><input type=\"hidden\" name=\"_wpcf7_recaptcha_response\" value=\"\" \/>\n<\/fieldset>\n<p>V\u00e1lasztott csomag *<br \/>\n<span class=\"wpcf7-form-control-wrap\" data-name=\"csomag\"><select class=\"wpcf7-form-control wpcf7-select wpcf7-validates-as-required\" aria-required=\"true\" aria-invalid=\"false\" name=\"csomag\"><option value=\"Alap csomag\">Alap csomag<\/option><option value=\"Top Csomag\">Top Csomag<\/option><option value=\"Komplex Csomag\">Komplex Csomag<\/option><\/select><\/span>\n<\/p>\n<p>K\u00e9rlek add meg a Neved *<br \/>\n<span class=\"wpcf7-form-control-wrap\" data-name=\"your-name\"><input size=\"40\" maxlength=\"400\" class=\"wpcf7-form-control wpcf7-text wpcf7-validates-as-required\" aria-required=\"true\" aria-invalid=\"false\" value=\"\" type=\"text\" name=\"your-name\" \/><\/span>\n<\/p>\n<p>Email c\u00edmed *<br \/>\n<span class=\"wpcf7-form-control-wrap\" data-name=\"your-email\"><input size=\"40\" maxlength=\"400\" class=\"wpcf7-form-control wpcf7-email wpcf7-validates-as-required wpcf7-text wpcf7-validates-as-email\" aria-required=\"true\" aria-invalid=\"false\" value=\"\" type=\"email\" name=\"your-email\" \/><\/span>\n<\/p>\n<p><label> \u00dczeneted\/k\u00e9rd\u00e9sed ha lenne, ide \u00edrhatod <span class=\"wpcf7-form-control-wrap\" data-name=\"your-message\"><textarea cols=\"40\" rows=\"10\" maxlength=\"2000\" class=\"wpcf7-form-control wpcf7-textarea wpcf7-validates-as-required\" aria-required=\"true\" aria-invalid=\"false\" name=\"your-message\"><\/textarea><\/span><br \/>\n<\/label>\n<\/p>\n<p><input class=\"wpcf7-form-control wpcf7-submit has-spinner\" type=\"submit\" value=\"K\u00fcld\u00e9s\" \/>\n<\/p><div class=\"wpcf7-response-output\" aria-hidden=\"true\"><\/div>\n<\/form>\n<\/div>\n            <\/div>\n\t\t\n\t<\/div>\n\n<\/div>\n\t\t\t\t<\/div>\n\t\t\t\t<\/div>\n\t\t\t\t\t<\/div>\n\t\t<\/div>\n\t\t\t\t\t<\/div>\n\t\t<\/section>\n\t\t\t\t\t<\/div>\n\t\t<\/div>\n\t\t\t\t\t<\/div>\n\t\t<\/section>\n\t\t\t\t<section class=\"elementor-section elementor-top-section elementor-element elementor-element-632aa345 elementor-section-boxed elementor-section-height-default elementor-section-height-default elementor-invisible\" data-id=\"632aa345\" data-element_type=\"section\" data-e-type=\"section\" data-settings=\"{&quot;animation&quot;:&quot;fadeInUp&quot;}\">\n\t\t\t\t\t\t<div class=\"elementor-container elementor-column-gap-no\">\n\t\t\t\t\t<div class=\"elementor-column elementor-col-100 elementor-top-column elementor-element elementor-element-1111bdb7\" data-id=\"1111bdb7\" data-element_type=\"column\" data-e-type=\"column\">\n\t\t\t<div class=\"elementor-widget-wrap elementor-element-populated\">\n\t\t\t\t\t\t<div class=\"elementor-element elementor-element-26e6e666 elementor-widget__width-initial elementor-widget-mobile__width-inherit elementor-widget elementor-widget-aheto_heading\" data-id=\"26e6e666\" data-element_type=\"widget\" data-e-type=\"widget\" data-widget_type=\"aheto_heading.default\">\n\t\t\t\t<div class=\"elementor-widget-container\">\n\t\t\t\t\t\r\n<div class=\"aheto-heading aheto-heading--main t-left align-tablet-default align-mob-default aheto_heading_69ecdefd4fc30 \">\r\n\r\n\t\r\n\t<p class=\"aheto-heading__title \">K\u00d6VESS INSTAGRAMON<\/p>\r\n<\/div>\r\n\t\t\t\t<\/div>\n\t\t\t\t<\/div>\n\t\t\t\t<div class=\"elementor-element elementor-element-53fde5ae elementor-widget__width-initial elementor-widget-mobile__width-inherit elementor-widget elementor-widget-aheto_heading\" data-id=\"53fde5ae\" data-element_type=\"widget\" data-e-type=\"widget\" data-widget_type=\"aheto_heading.default\">\n\t\t\t\t<div class=\"elementor-widget-container\">\n\t\t\t\t\t\r\n<div class=\"aheto-heading aheto-heading--main t-left align-tablet-left align-mob-center aheto_heading_69ecdefd52925 \">\r\n\r\n\t\r\n\t<h5 class=\"aheto-heading__title \">szabolcs.taking.pictures<\/h5>\r\n<\/div>\r\n\t\t\t\t<\/div>\n\t\t\t\t<\/div>\n\t\t\t\t\t<\/div>\n\t\t<\/div>\n\t\t\t\t\t<\/div>\n\t\t<\/section>\n\t\t\t\t<section class=\"elementor-section elementor-top-section elementor-element elementor-element-22d7fd33 elementor-section-stretched elementor-section-full_width elementor-section-height-default elementor-section-height-default elementor-invisible\" data-id=\"22d7fd33\" data-element_type=\"section\" data-e-type=\"section\" data-settings=\"{&quot;stretch_section&quot;:&quot;section-stretched&quot;,&quot;animation&quot;:&quot;fadeIn&quot;}\">\n\t\t\t\t\t\t<div class=\"elementor-container elementor-column-gap-no\">\n\t\t\t\t\t<div class=\"elementor-column elementor-col-16 elementor-top-column elementor-element elementor-element-3025f5d6\" data-id=\"3025f5d6\" data-element_type=\"column\" data-e-type=\"column\">\n\t\t\t<div class=\"elementor-widget-wrap elementor-element-populated\">\n\t\t\t\t\t\t<div class=\"elementor-element elementor-element-780ea6d9 elementor-widget elementor-widget-image\" data-id=\"780ea6d9\" data-element_type=\"widget\" data-e-type=\"widget\" data-widget_type=\"image.default\">\n\t\t\t\t<div class=\"elementor-widget-container\">\n\t\t\t\t\t\t\t\t\t\t\t\t\t\t\t\t<a href=\"https:\/\/www.instagram.com\/szabolcs.taking.pictures\/\" target=\"_blank\">\n\t\t\t\t\t\t\t<img fetchpriority=\"high\" decoding=\"async\" width=\"942\" height=\"960\" src=\"https:\/\/redfox.photos\/wp-content\/uploads\/2021\/12\/Screenshot-2021-12-10-at-14.29.33.png\" class=\"attachment-large size-large wp-image-23982\" alt=\"\" srcset=\"https:\/\/redfox.photos\/wp-content\/uploads\/2021\/12\/Screenshot-2021-12-10-at-14.29.33.png 942w, https:\/\/redfox.photos\/wp-content\/uploads\/2021\/12\/Screenshot-2021-12-10-at-14.29.33-800x815.png 800w\" sizes=\"(max-width: 942px) 100vw, 942px\" \/>\t\t\t\t\t\t\t\t<\/a>\n\t\t\t\t\t\t\t\t\t\t\t\t\t\t\t<\/div>\n\t\t\t\t<\/div>\n\t\t\t\t\t<\/div>\n\t\t<\/div>\n\t\t\t\t<div class=\"elementor-column elementor-col-16 elementor-top-column elementor-element elementor-element-13e13413\" data-id=\"13e13413\" data-element_type=\"column\" data-e-type=\"column\">\n\t\t\t<div class=\"elementor-widget-wrap elementor-element-populated\">\n\t\t\t\t\t\t<div class=\"elementor-element elementor-element-4df9d3cc elementor-widget elementor-widget-image\" data-id=\"4df9d3cc\" data-element_type=\"widget\" data-e-type=\"widget\" data-widget_type=\"image.default\">\n\t\t\t\t<div class=\"elementor-widget-container\">\n\t\t\t\t\t\t\t\t\t\t\t\t\t\t\t\t<a href=\"https:\/\/www.instagram.com\/szabolcs.taking.pictures\/\" target=\"_blank\">\n\t\t\t\t\t\t\t<img decoding=\"async\" width=\"600\" height=\"600\" src=\"https:\/\/redfox.photos\/wp-content\/uploads\/2021\/12\/DSC08257-Edit.jpg\" class=\"attachment-full size-full wp-image-23985\" alt=\"Molnar Andrea\" \/>\t\t\t\t\t\t\t\t<\/a>\n\t\t\t\t\t\t\t\t\t\t\t\t\t\t\t<\/div>\n\t\t\t\t<\/div>\n\t\t\t\t\t<\/div>\n\t\t<\/div>\n\t\t\t\t<div class=\"elementor-column elementor-col-16 elementor-top-column elementor-element elementor-element-506c5201\" data-id=\"506c5201\" data-element_type=\"column\" data-e-type=\"column\">\n\t\t\t<div class=\"elementor-widget-wrap elementor-element-populated\">\n\t\t\t\t\t\t<div class=\"elementor-element elementor-element-16fb3477 elementor-widget elementor-widget-image\" data-id=\"16fb3477\" data-element_type=\"widget\" data-e-type=\"widget\" data-widget_type=\"image.default\">\n\t\t\t\t<div class=\"elementor-widget-container\">\n\t\t\t\t\t\t\t\t\t\t\t\t\t\t\t\t<a href=\"https:\/\/www.instagram.com\/szabolcs.taking.pictures\/\" target=\"_blank\">\n\t\t\t\t\t\t\t<img decoding=\"async\" width=\"600\" height=\"600\" src=\"https:\/\/redfox.photos\/wp-content\/uploads\/2021\/12\/Screenshot-2021-12-10-at-14.28.54.jpg\" class=\"attachment-large size-large wp-image-23986\" alt=\"Zempl\u00e9n hegys\u00e9g\" \/>\t\t\t\t\t\t\t\t<\/a>\n\t\t\t\t\t\t\t\t\t\t\t\t\t\t\t<\/div>\n\t\t\t\t<\/div>\n\t\t\t\t\t<\/div>\n\t\t<\/div>\n\t\t\t\t<div class=\"elementor-column elementor-col-16 elementor-top-column elementor-element elementor-element-1c7df469\" data-id=\"1c7df469\" data-element_type=\"column\" data-e-type=\"column\">\n\t\t\t<div class=\"elementor-widget-wrap elementor-element-populated\">\n\t\t\t\t\t\t<div class=\"elementor-element elementor-element-2fff3ee5 elementor-widget elementor-widget-image\" data-id=\"2fff3ee5\" data-element_type=\"widget\" data-e-type=\"widget\" data-widget_type=\"image.default\">\n\t\t\t\t<div class=\"elementor-widget-container\">\n\t\t\t\t\t\t\t\t\t\t\t\t\t\t\t\t<a href=\"https:\/\/www.instagram.com\/szabolcs.taking.pictures\/\" target=\"_blank\">\n\t\t\t\t\t\t\t<img loading=\"lazy\" decoding=\"async\" width=\"600\" height=\"600\" src=\"https:\/\/redfox.photos\/wp-content\/uploads\/2021\/12\/Screenshot-2021-12-10-at-14.29.45.jpg\" class=\"attachment-large size-large wp-image-23987\" alt=\"\" \/>\t\t\t\t\t\t\t\t<\/a>\n\t\t\t\t\t\t\t\t\t\t\t\t\t\t\t<\/div>\n\t\t\t\t<\/div>\n\t\t\t\t\t<\/div>\n\t\t<\/div>\n\t\t\t\t<div class=\"elementor-column elementor-col-16 elementor-top-column elementor-element elementor-element-7ab6b189\" data-id=\"7ab6b189\" data-element_type=\"column\" data-e-type=\"column\">\n\t\t\t<div class=\"elementor-widget-wrap elementor-element-populated\">\n\t\t\t\t\t\t<div class=\"elementor-element elementor-element-3aa0b532 elementor-widget elementor-widget-image\" data-id=\"3aa0b532\" data-element_type=\"widget\" data-e-type=\"widget\" data-widget_type=\"image.default\">\n\t\t\t\t<div class=\"elementor-widget-container\">\n\t\t\t\t\t\t\t\t\t\t\t\t\t\t\t\t<a href=\"https:\/\/www.instagram.com\/szabolcs.taking.pictures\/\" target=\"_blank\">\n\t\t\t\t\t\t\t<img loading=\"lazy\" decoding=\"async\" width=\"600\" height=\"600\" src=\"https:\/\/redfox.photos\/wp-content\/uploads\/2021\/12\/Screenshot-2021-12-10-at-14.29.14.jpg\" class=\"attachment-large size-large wp-image-23988\" alt=\"\" \/>\t\t\t\t\t\t\t\t<\/a>\n\t\t\t\t\t\t\t\t\t\t\t\t\t\t\t<\/div>\n\t\t\t\t<\/div>\n\t\t\t\t\t<\/div>\n\t\t<\/div>\n\t\t\t\t<div class=\"elementor-column elementor-col-16 elementor-top-column elementor-element elementor-element-62351dc0\" data-id=\"62351dc0\" data-element_type=\"column\" data-e-type=\"column\">\n\t\t\t<div class=\"elementor-widget-wrap elementor-element-populated\">\n\t\t\t\t\t\t<div class=\"elementor-element elementor-element-74a54ec6 elementor-widget elementor-widget-image\" data-id=\"74a54ec6\" data-element_type=\"widget\" data-e-type=\"widget\" data-widget_type=\"image.default\">\n\t\t\t\t<div class=\"elementor-widget-container\">\n\t\t\t\t\t\t\t\t\t\t\t\t\t\t\t\t<a href=\"https:\/\/www.instagram.com\/szabolcs.taking.pictures\/\" target=\"_blank\">\n\t\t\t\t\t\t\t<img loading=\"lazy\" decoding=\"async\" width=\"600\" height=\"600\" src=\"https:\/\/redfox.photos\/wp-content\/uploads\/2021\/12\/Screenshot-2021-12-10-at-14.30.54.jpg\" class=\"attachment-large size-large wp-image-23989\" alt=\"Bali, Indonesia\" \/>\t\t\t\t\t\t\t\t<\/a>\n\t\t\t\t\t\t\t\t\t\t\t\t\t\t\t<\/div>\n\t\t\t\t<\/div>\n\t\t\t\t\t<\/div>\n\t\t<\/div>\n\t\t\t\t\t<\/div>\n\t\t<\/section>\n\t\t\t\t<\/div>\n\t\t","protected":false},"excerpt":{"rendered":"<p>Portr\u00e9 Fot\u00f3z\u00e1s Megrendel\u00e9s TELEPHONE (36) 30 904 6302 EMAIL szia@tothszabolcs.hu SOCIAL Instagram V\u00e1lasztott csomag * Legn\u00e9pszer\u0171bb Portr\u00e9 CsomagAlap Portr\u00e9 CsomagPr\u00e9mium Portr\u00e9 Csomag K\u00e9rlek add meg a Neved * Email c\u00edmed * \u00dczeneted\/k\u00e9rd\u00e9sed ha lenne, ide \u00edrhatod K\u00d6VESS INSTAGRAMON szabolcs.taking.pictures<\/p>","protected":false},"author":2,"featured_media":0,"parent":0,"menu_order":0,"comment_status":"closed","ping_status":"closed","template":"aheto_canvas","meta":{"_seopress_robots_primary_cat":"","_seopress_titles_title":"V\u00e1laszd ki a neked megfelel\u0151 portr\u00e9 fot\u00f3z\u00e1si csomagot","_seopress_titles_desc":"","_seopress_robots_index":"yes","footnotes":""},"class_list":["post-24002","page","type-page","status-publish","hentry"],"_links":{"self":[{"href":"https:\/\/redfox.photos\/en\/wp-json\/wp\/v2\/pages\/24002","targetHints":{"allow":["GET"]}}],"collection":[{"href":"https:\/\/redfox.photos\/en\/wp-json\/wp\/v2\/pages"}],"about":[{"href":"https:\/\/redfox.photos\/en\/wp-json\/wp\/v2\/types\/page"}],"author":[{"embeddable":true,"href":"https:\/\/redfox.photos\/en\/wp-json\/wp\/v2\/users\/2"}],"replies":[{"embeddable":true,"href":"https:\/\/redfox.photos\/en\/wp-json\/wp\/v2\/comments?post=24002"}],"version-history":[{"count":13,"href":"https:\/\/redfox.photos\/en\/wp-json\/wp\/v2\/pages\/24002\/revisions"}],"predecessor-version":[{"id":24412,"href":"https:\/\/redfox.photos\/en\/wp-json\/wp\/v2\/pages\/24002\/revisions\/24412"}],"wp:attachment":[{"href":"https:\/\/redfox.photos\/en\/wp-json\/wp\/v2\/media?parent=24002"}],"curies":[{"name":"wp","href":"https:\/\/api.w.org\/{rel}","templated":true}]}}