{"id":620,"date":"2020-08-15T21:45:08","date_gmt":"2020-08-15T19:45:08","guid":{"rendered":"https:\/\/redfox.photos\/?page_id=620"},"modified":"2020-08-20T13:09:40","modified_gmt":"2020-08-20T11:09:40","slug":"galleria","status":"publish","type":"page","link":"https:\/\/redfox.photos\/en\/galleria\/","title":{"rendered":"Gall\u00e9ria \/ Gallery"},"content":{"rendered":"<div class=\"wp-block-group\"><div class=\"wp-block-group__inner-container is-layout-flow wp-block-group-is-layout-flow\">\n<figure class=\"wp-block-gallery columns-3 is-cropped\"><ul class=\"blocks-gallery-grid\"><li class=\"blocks-gallery-item\"><figure><a href=\"https:\/\/redfox.photos\/en\/galleria-fotos-munkak\/tajkepek-nature\/\"><img decoding=\"async\" src=\"https:\/\/redfox.photos\/wp-content\/uploads\/2020\/08\/ta\u0301jke\u0301pek.jpg\" alt=\"\" data-id=\"545\" data-full-url=\"https:\/\/redfox.photos\/wp-content\/uploads\/2020\/08\/20200214-DJI_0822.jpg\" data-link=\"https:\/\/redfox.photos\/20200214-dji_0822\/\" class=\"wp-image-545\"\/><\/a><\/figure><\/li>\n<li class=\"blocks-gallery-item\"><figure><a href=\"https:\/\/redfox.photos\/en\/galleria-fotos-munkak\/portrek\/\"><img decoding=\"async\" src=\"https:\/\/redfox.photos\/wp-content\/uploads\/2020\/08\/Portre.jpg\" alt=\"\" data-id=\"580\" data-full-url=\"https:\/\/redfox.photos\/wp-content\/uploads\/2020\/08\/20200730-DSC02297-Edit.jpg\" data-link=\"https:\/\/redfox.photos\/20200730-dsc02297-edit\/\" class=\"wp-image-580\"\/><\/a><\/figure><\/li>\n<li class=\"blocks-gallery-item\"><figure><a href=\"https:\/\/redfox.photos\/en\/galleria-fotos-munkak\/utca-street\/\"><img decoding=\"async\" src=\"https:\/\/redfox.photos\/wp-content\/uploads\/2020\/08\/street-foto.jpg\" alt=\"\" data-id=\"579\" data-full-url=\"https:\/\/redfox.photos\/wp-content\/uploads\/2020\/08\/20200801-DSC02570.jpg\" data-link=\"https:\/\/redfox.photos\/20200801-dsc02570\/\" class=\"wp-image-579\"\/><\/a><\/figure>\n<\/div><\/div>\n\n\n\n<p><\/p>","protected":false},"excerpt":{"rendered":"","protected":false},"author":2,"featured_media":540,"parent":0,"menu_order":0,"comment_status":"closed","ping_status":"closed","template":"","meta":{"_seopress_robots_primary_cat":"","_seopress_titles_title":"T\u00f3th Szabolcs portr\u00e9 fot\u00f3s, term\u00e9szet, portr\u00e9 \u00e9s v\u00e1rosi fot\u00f3i","_seopress_titles_desc":"Portr\u00e9 fot\u00f3k, t\u00e1jk\u00e9pek \u00e9s v\u00e1rosi fot\u00f3z\u00e1sok a vil\u00e1g minden t\u00e1j\u00e1r\u00f3l! Katt a linkre \u00e9s n\u00e9zd meg k\u00e9peim. K\u00e9rj id\u0151pontot fot\u00f3z\u00e1sra ak\u00e1r m\u00e1r Ma!","_seopress_robots_index":"","footnotes":""},"class_list":["post-620","page","type-page","status-publish","has-post-thumbnail","hentry"],"_links":{"self":[{"href":"https:\/\/redfox.photos\/en\/wp-json\/wp\/v2\/pages\/620","targetHints":{"allow":["GET"]}}],"collection":[{"href":"https:\/\/redfox.photos\/en\/wp-json\/wp\/v2\/pages"}],"about":[{"href":"https:\/\/redfox.photos\/en\/wp-json\/wp\/v2\/types\/page"}],"author":[{"embeddable":true,"href":"https:\/\/redfox.photos\/en\/wp-json\/wp\/v2\/users\/2"}],"replies":[{"embeddable":true,"href":"https:\/\/redfox.photos\/en\/wp-json\/wp\/v2\/comments?post=620"}],"version-history":[{"count":6,"href":"https:\/\/redfox.photos\/en\/wp-json\/wp\/v2\/pages\/620\/revisions"}],"predecessor-version":[{"id":657,"href":"https:\/\/redfox.photos\/en\/wp-json\/wp\/v2\/pages\/620\/revisions\/657"}],"wp:featuredmedia":[{"embeddable":true,"href":"https:\/\/redfox.photos\/en\/wp-json\/wp\/v2\/media\/540"}],"wp:attachment":[{"href":"https:\/\/redfox.photos\/en\/wp-json\/wp\/v2\/media?parent=620"}],"curies":[{"name":"wp","href":"https:\/\/api.w.org\/{rel}","templated":true}]}}