{"id":624,"date":"2020-08-15T20:28:12","date_gmt":"2020-08-15T18:28:12","guid":{"rendered":"https:\/\/redfox.photos\/?page_id=624"},"modified":"2021-09-07T22:54:57","modified_gmt":"2021-09-07T20:54:57","slug":"utca-street","status":"publish","type":"page","link":"https:\/\/redfox.photos\/en\/galleria-fotos-munkak\/utca-street\/","title":{"rendered":"Utca \/ Street"},"content":{"rendered":"","protected":false},"excerpt":{"rendered":"","protected":false},"author":2,"featured_media":0,"parent":25,"menu_order":3,"comment_status":"closed","ping_status":"closed","template":"","meta":{"_seopress_robots_primary_cat":"","_seopress_titles_title":"","_seopress_titles_desc":"Seg\u00edtek, hogy olyannak l\u00e1ssanak, amilyen igaz\u00e1n vagy! Minden arc, minden tekintet \u00e9s minden ember egyedi k\u00e9peimmel szeretn\u00e9m megmutatni ezt!","_seopress_robots_index":"","footnotes":""},"class_list":["post-624","page","type-page","status-publish","hentry"],"_links":{"self":[{"href":"https:\/\/redfox.photos\/en\/wp-json\/wp\/v2\/pages\/624","targetHints":{"allow":["GET"]}}],"collection":[{"href":"https:\/\/redfox.photos\/en\/wp-json\/wp\/v2\/pages"}],"about":[{"href":"https:\/\/redfox.photos\/en\/wp-json\/wp\/v2\/types\/page"}],"author":[{"embeddable":true,"href":"https:\/\/redfox.photos\/en\/wp-json\/wp\/v2\/users\/2"}],"replies":[{"embeddable":true,"href":"https:\/\/redfox.photos\/en\/wp-json\/wp\/v2\/comments?post=624"}],"version-history":[{"count":4,"href":"https:\/\/redfox.photos\/en\/wp-json\/wp\/v2\/pages\/624\/revisions"}],"predecessor-version":[{"id":24304,"href":"https:\/\/redfox.photos\/en\/wp-json\/wp\/v2\/pages\/624\/revisions\/24304"}],"up":[{"embeddable":true,"href":"https:\/\/redfox.photos\/en\/wp-json\/wp\/v2\/pages\/25"}],"wp:attachment":[{"href":"https:\/\/redfox.photos\/en\/wp-json\/wp\/v2\/media?parent=624"}],"curies":[{"name":"wp","href":"https:\/\/api.w.org\/{rel}","templated":true}]}}